{"id":148,"date":"2018-05-28T08:43:33","date_gmt":"2018-05-28T08:43:33","guid":{"rendered":"https:\/\/envothemes.com\/envo-multipurpose\/?page_id=148"},"modified":"2020-11-05T21:32:56","modified_gmt":"2020-11-05T21:32:56","slug":"homepage","status":"publish","type":"page","link":"https:\/\/rotaryguayaquilmoderno.org\/sitio1\/","title":{"rendered":"Homepage"},"content":{"rendered":"\t\t<div data-elementor-type=\"wp-page\" data-elementor-id=\"148\" class=\"elementor elementor-148\" data-elementor-settings=\"[]\">\n\t\t\t\t\t\t<div class=\"elementor-inner\">\n\t\t\t\t\t\t\t<div class=\"elementor-section-wrap\">\n\t\t\t\t\t\t\t<section class=\"elementor-section elementor-top-section elementor-element elementor-element-cbec5a0 elementor-section-full_width elementor-section-height-min-height elementor-section-content-top elementor-section-height-default elementor-section-items-middle\" data-id=\"cbec5a0\" data-element_type=\"section\">\n\t\t\t\t\t\t<div class=\"elementor-container elementor-column-gap-no\">\n\t\t\t\t\t\t\t<div class=\"elementor-row\">\n\t\t\t\t\t<div class=\"elementor-column elementor-col-100 elementor-top-column elementor-element elementor-element-a97cd3c\" data-id=\"a97cd3c\" data-element_type=\"column\">\n\t\t\t<div class=\"elementor-column-wrap elementor-element-populated\">\n\t\t\t\t\t\t\t<div class=\"elementor-widget-wrap\">\n\t\t\t\t\t\t<div class=\"elementor-element elementor-element-b232a5a elementor-aspect-ratio-169 elementor-widget elementor-widget-video\" data-id=\"b232a5a\" data-element_type=\"widget\" data-settings=\"{&quot;aspect_ratio&quot;:&quot;169&quot;}\" data-widget_type=\"video.default\">\n\t\t\t\t<div class=\"elementor-widget-container\">\n\t\t\t\t\t<div class=\"elementor-wrapper elementor-fit-aspect-ratio elementor-open-inline\">\n\t\t\t\t\t<video class=\"elementor-video\" src=\"https:\/\/rotaryguayaquilmoderno.org\/sitio1\/wp-content\/uploads\/2020\/11\/WhatsApp-Video-2020-11-02-at-1.37.44-PM-2.mp4\" autoplay=\"\" loop=\"\" playsinline=\"\" controlsList=\"nodownload\"><\/video>\n\t\t\t\t<\/div>\n\t\t\t\t<\/div>\n\t\t\t\t<\/div>\n\t\t\t\t<div class=\"elementor-element elementor-element-08eed68 elementor-widget elementor-widget-spacer\" data-id=\"08eed68\" data-element_type=\"widget\" data-widget_type=\"spacer.default\">\n\t\t\t\t<div class=\"elementor-widget-container\">\n\t\t\t\t\t<div class=\"elementor-spacer\">\n\t\t\t<div class=\"elementor-spacer-inner\"><\/div>\n\t\t<\/div>\n\t\t\t\t<\/div>\n\t\t\t\t<\/div>\n\t\t\t\t<div class=\"elementor-element elementor-element-f0dfb69 elementor--h-position-center elementor--v-position-middle elementor-arrows-position-inside elementor-pagination-position-inside elementor-widget elementor-widget-slides\" data-id=\"f0dfb69\" data-element_type=\"widget\" data-settings=\"{&quot;transition_speed&quot;:700,&quot;navigation&quot;:&quot;both&quot;,&quot;autoplay&quot;:&quot;yes&quot;,&quot;pause_on_hover&quot;:&quot;yes&quot;,&quot;pause_on_interaction&quot;:&quot;yes&quot;,&quot;autoplay_speed&quot;:5000,&quot;infinite&quot;:&quot;yes&quot;,&quot;transition&quot;:&quot;slide&quot;}\" data-widget_type=\"slides.default\">\n\t\t\t\t<div class=\"elementor-widget-container\">\n\t\t\t\t\t<div class=\"elementor-swiper\">\n\t\t\t<div class=\"elementor-slides-wrapper elementor-main-swiper swiper-container\" dir=\"ltr\" data-animation=\"fadeInUp\">\n\t\t\t\t<div class=\"swiper-wrapper elementor-slides\">\n\t\t\t\t\t<div class=\"elementor-repeater-item-00f8870 swiper-slide\"><div class=\"swiper-slide-bg elementor-ken-burns elementor-ken-burns--in\"><\/div><div class=\"swiper-slide-inner\" ><div class=\"swiper-slide-contents\"><\/div><\/div><\/div>\t\t\t\t<\/div>\n\t\t\t\t\t\t\t<\/div>\n\t\t<\/div>\n\t\t\t\t<\/div>\n\t\t\t\t<\/div>\n\t\t\t\t<div class=\"elementor-element elementor-element-25ac115 elementor-widget elementor-widget-spacer\" data-id=\"25ac115\" data-element_type=\"widget\" data-widget_type=\"spacer.default\">\n\t\t\t\t<div class=\"elementor-widget-container\">\n\t\t\t\t\t<div class=\"elementor-spacer\">\n\t\t\t<div class=\"elementor-spacer-inner\"><\/div>\n\t\t<\/div>\n\t\t\t\t<\/div>\n\t\t\t\t<\/div>\n\t\t\t\t\t\t<\/div>\n\t\t\t\t\t<\/div>\n\t\t<\/div>\n\t\t\t\t\t\t\t\t<\/div>\n\t\t\t\t\t<\/div>\n\t\t<\/section>\n\t\t\t\t<section class=\"elementor-section elementor-top-section elementor-element elementor-element-5c1488a elementor-section-boxed elementor-section-height-default elementor-section-height-default\" data-id=\"5c1488a\" data-element_type=\"section\">\n\t\t\t\t\t\t<div class=\"elementor-container elementor-column-gap-default\">\n\t\t\t\t\t\t\t<div class=\"elementor-row\">\n\t\t\t\t\t<div class=\"elementor-column elementor-col-100 elementor-top-column elementor-element elementor-element-ada70b3\" data-id=\"ada70b3\" data-element_type=\"column\">\n\t\t\t<div class=\"elementor-column-wrap\">\n\t\t\t\t\t\t\t<div class=\"elementor-widget-wrap\">\n\t\t\t\t\t\t\t\t<\/div>\n\t\t\t\t\t<\/div>\n\t\t<\/div>\n\t\t\t\t\t\t\t\t<\/div>\n\t\t\t\t\t<\/div>\n\t\t<\/section>\n\t\t\t\t<section class=\"elementor-section elementor-top-section elementor-element elementor-element-10c55da elementor-section-boxed elementor-section-height-default elementor-section-height-default\" data-id=\"10c55da\" data-element_type=\"section\">\n\t\t\t\t\t\t<div class=\"elementor-container elementor-column-gap-default\">\n\t\t\t\t\t\t\t<div class=\"elementor-row\">\n\t\t\t\t\t<div class=\"elementor-column elementor-col-33 elementor-top-column elementor-element elementor-element-afef5af\" data-id=\"afef5af\" data-element_type=\"column\">\n\t\t\t<div class=\"elementor-column-wrap elementor-element-populated\">\n\t\t\t\t\t\t\t<div class=\"elementor-widget-wrap\">\n\t\t\t\t\t\t<div class=\"elementor-element elementor-element-d5c41c1 elementor-grid-1 elementor-grid-tablet-2 elementor-grid-mobile-1 elementor-posts--thumbnail-top elementor-widget elementor-widget-posts\" data-id=\"d5c41c1\" data-element_type=\"widget\" data-settings=\"{&quot;classic_columns&quot;:&quot;1&quot;,&quot;classic_columns_tablet&quot;:&quot;2&quot;,&quot;classic_columns_mobile&quot;:&quot;1&quot;,&quot;classic_row_gap&quot;:{&quot;unit&quot;:&quot;px&quot;,&quot;size&quot;:35,&quot;sizes&quot;:[]}}\" data-widget_type=\"posts.classic\">\n\t\t\t\t<div class=\"elementor-widget-container\">\n\t\t\t\t\t<div class=\"elementor-posts-container elementor-posts elementor-posts--skin-classic elementor-grid\">\n\t\t\t\t<article class=\"elementor-post elementor-grid-item post-515 post type-post status-publish format-standard has-post-thumbnail hentry category-proyectos-2020\">\n\t\t\t\t<a class=\"elementor-post__thumbnail__link\" href=\"https:\/\/rotaryguayaquilmoderno.org\/sitio1\/2020\/11\/02\/donacion-de-equipos-de-bioseguridad-a-fundacion-gaston-sanchez-romero-salitre\/\" target=\"_blank\">\n\t\t\t<div class=\"elementor-post__thumbnail\"><img width=\"300\" height=\"142\" src=\"https:\/\/rotaryguayaquilmoderno.org\/sitio1\/wp-content\/uploads\/2020\/11\/Fundacion-Gaston-Sanchez-Romero-300x142.jpg\" class=\"attachment-medium size-medium\" alt=\"\" loading=\"lazy\" srcset=\"https:\/\/rotaryguayaquilmoderno.org\/sitio1\/wp-content\/uploads\/2020\/11\/Fundacion-Gaston-Sanchez-Romero-300x142.jpg 300w, https:\/\/rotaryguayaquilmoderno.org\/sitio1\/wp-content\/uploads\/2020\/11\/Fundacion-Gaston-Sanchez-Romero-1024x484.jpg 1024w, https:\/\/rotaryguayaquilmoderno.org\/sitio1\/wp-content\/uploads\/2020\/11\/Fundacion-Gaston-Sanchez-Romero-768x363.jpg 768w, https:\/\/rotaryguayaquilmoderno.org\/sitio1\/wp-content\/uploads\/2020\/11\/Fundacion-Gaston-Sanchez-Romero.jpg 1280w\" sizes=\"(max-width: 300px) 100vw, 300px\" \/><\/div>\n\t\t<\/a>\n\t\t\t\t<div class=\"elementor-post__text\">\n\t\t\t\t<h3 class=\"elementor-post__title\">\n\t\t\t<a href=\"https:\/\/rotaryguayaquilmoderno.org\/sitio1\/2020\/11\/02\/donacion-de-equipos-de-bioseguridad-a-fundacion-gaston-sanchez-romero-salitre\/\" target=\"_blank\">\n\t\t\t\tDONACI\u00d3N DE EQUIPOS DE BIOSEGURIDAD A FUNDACI\u00d3N GAST\u00d3N SANCHEZ ROMERO, SALITRE\t\t\t<\/a>\n\t\t<\/h3>\n\t\t\t\t<div class=\"elementor-post__meta-data\">\n\t\t\t\t\t<span class=\"elementor-post-date\">\n\t\t\tnoviembre 2, 2020\t\t<\/span>\n\t\t\t\t<span class=\"elementor-post-avatar\">\n\t\t\tNo hay comentarios\t\t<\/span>\n\t\t\t\t<\/div>\n\t\t\t\t<div class=\"elementor-post__excerpt\">\n\t\t\t<p>El Club Rotario de Guayaquil Moderno, realiza la entrega de 4.000 mascarillas y 50 trajes de bioseguridad a la \u00abFundaci\u00f3n<\/p>\n\t\t<\/div>\n\t\t\t\t\t<a class=\"elementor-post__read-more\" href=\"https:\/\/rotaryguayaquilmoderno.org\/sitio1\/2020\/11\/02\/donacion-de-equipos-de-bioseguridad-a-fundacion-gaston-sanchez-romero-salitre\/\" target=\"_blank\">\n\t\t\t\tLeer m\u00e1s \u00bb\t\t\t<\/a>\n\t\t\t\t<\/div>\n\t\t\t\t<\/article>\n\t\t\t\t<article class=\"elementor-post elementor-grid-item post-520 post type-post status-publish format-standard has-post-thumbnail hentry category-proyectos-2020\">\n\t\t\t\t<a class=\"elementor-post__thumbnail__link\" href=\"https:\/\/rotaryguayaquilmoderno.org\/sitio1\/2020\/11\/02\/proyecto-de-agricultura-biogenica-de-precision-hacienda-cumanda-milagro\/\" target=\"_blank\">\n\t\t\t<div class=\"elementor-post__thumbnail\"><img width=\"300\" height=\"213\" src=\"https:\/\/rotaryguayaquilmoderno.org\/sitio1\/wp-content\/uploads\/2020\/11\/Proyecto-de-Agricultura-Biogenica-de-Precision-2-300x213.jpg\" class=\"attachment-medium size-medium\" alt=\"\" loading=\"lazy\" srcset=\"https:\/\/rotaryguayaquilmoderno.org\/sitio1\/wp-content\/uploads\/2020\/11\/Proyecto-de-Agricultura-Biogenica-de-Precision-2-300x213.jpg 300w, https:\/\/rotaryguayaquilmoderno.org\/sitio1\/wp-content\/uploads\/2020\/11\/Proyecto-de-Agricultura-Biogenica-de-Precision-2-1024x727.jpg 1024w, https:\/\/rotaryguayaquilmoderno.org\/sitio1\/wp-content\/uploads\/2020\/11\/Proyecto-de-Agricultura-Biogenica-de-Precision-2-768x546.jpg 768w, https:\/\/rotaryguayaquilmoderno.org\/sitio1\/wp-content\/uploads\/2020\/11\/Proyecto-de-Agricultura-Biogenica-de-Precision-2.jpg 1060w\" sizes=\"(max-width: 300px) 100vw, 300px\" \/><\/div>\n\t\t<\/a>\n\t\t\t\t<div class=\"elementor-post__text\">\n\t\t\t\t<h3 class=\"elementor-post__title\">\n\t\t\t<a href=\"https:\/\/rotaryguayaquilmoderno.org\/sitio1\/2020\/11\/02\/proyecto-de-agricultura-biogenica-de-precision-hacienda-cumanda-milagro\/\" target=\"_blank\">\n\t\t\t\tProyecto de Agricultura Biog\u00e9nica de Precisi\u00f3n, hacienda Cumand\u00e1, Milagro.\t\t\t<\/a>\n\t\t<\/h3>\n\t\t\t\t<div class=\"elementor-post__meta-data\">\n\t\t\t\t\t<span class=\"elementor-post-date\">\n\t\t\tnoviembre 2, 2020\t\t<\/span>\n\t\t\t\t<span class=\"elementor-post-avatar\">\n\t\t\tNo hay comentarios\t\t<\/span>\n\t\t\t\t<\/div>\n\t\t\t\t<div class=\"elementor-post__excerpt\">\n\t\t\t<p>Visita del Club Rotario de Guayaquil Moderno a la Hacienda Cumand\u00e1 de Milagro para inspecci\u00f3n del Proyecto de Agricultura Biog\u00e9nica<\/p>\n\t\t<\/div>\n\t\t\t\t\t<a class=\"elementor-post__read-more\" href=\"https:\/\/rotaryguayaquilmoderno.org\/sitio1\/2020\/11\/02\/proyecto-de-agricultura-biogenica-de-precision-hacienda-cumanda-milagro\/\" target=\"_blank\">\n\t\t\t\tLeer m\u00e1s \u00bb\t\t\t<\/a>\n\t\t\t\t<\/div>\n\t\t\t\t<\/article>\n\t\t\t\t<article class=\"elementor-post elementor-grid-item post-527 post type-post status-publish format-standard has-post-thumbnail hentry category-uncategorized\">\n\t\t\t\t<a class=\"elementor-post__thumbnail__link\" href=\"https:\/\/rotaryguayaquilmoderno.org\/sitio1\/2020\/11\/02\/proyecto-de-produccion-agropecuaria-en-el-canton-milagro-parroquia-roberto-astudillo-recinto-las-guayjas\/\" target=\"_blank\">\n\t\t\t<div class=\"elementor-post__thumbnail\"><img width=\"300\" height=\"225\" src=\"https:\/\/rotaryguayaquilmoderno.org\/sitio1\/wp-content\/uploads\/2020\/11\/Produccion-Agropecuaria-300x225.jpg\" class=\"attachment-medium size-medium\" alt=\"\" loading=\"lazy\" srcset=\"https:\/\/rotaryguayaquilmoderno.org\/sitio1\/wp-content\/uploads\/2020\/11\/Produccion-Agropecuaria-300x225.jpg 300w, https:\/\/rotaryguayaquilmoderno.org\/sitio1\/wp-content\/uploads\/2020\/11\/Produccion-Agropecuaria-1024x768.jpg 1024w, https:\/\/rotaryguayaquilmoderno.org\/sitio1\/wp-content\/uploads\/2020\/11\/Produccion-Agropecuaria-768x576.jpg 768w, https:\/\/rotaryguayaquilmoderno.org\/sitio1\/wp-content\/uploads\/2020\/11\/Produccion-Agropecuaria-160x120.jpg 160w, https:\/\/rotaryguayaquilmoderno.org\/sitio1\/wp-content\/uploads\/2020\/11\/Produccion-Agropecuaria.jpg 1032w\" sizes=\"(max-width: 300px) 100vw, 300px\" \/><\/div>\n\t\t<\/a>\n\t\t\t\t<div class=\"elementor-post__text\">\n\t\t\t\t<h3 class=\"elementor-post__title\">\n\t\t\t<a href=\"https:\/\/rotaryguayaquilmoderno.org\/sitio1\/2020\/11\/02\/proyecto-de-produccion-agropecuaria-en-el-canton-milagro-parroquia-roberto-astudillo-recinto-las-guayjas\/\" target=\"_blank\">\n\t\t\t\tProyecto de  Producci\u00f3n Agropecuaria,  en el cant\u00f3n Milagro, Parroquia Roberto Astudillo, Recinto las Guayjas\t\t\t<\/a>\n\t\t<\/h3>\n\t\t\t\t<div class=\"elementor-post__meta-data\">\n\t\t\t\t\t<span class=\"elementor-post-date\">\n\t\t\tnoviembre 2, 2020\t\t<\/span>\n\t\t\t\t<span class=\"elementor-post-avatar\">\n\t\t\tNo hay comentarios\t\t<\/span>\n\t\t\t\t<\/div>\n\t\t\t\t<div class=\"elementor-post__excerpt\">\n\t\t\t<p>Segundo Programa del Proyecto de Agricultura Biog\u00e9nica de la Asociaci\u00f3n de Producci\u00f3n Agropecuaria \u00abASOPROCARGO\u00bb en el cant\u00f3n Milagro, Parroquia Roberto<\/p>\n\t\t<\/div>\n\t\t\t\t\t<a class=\"elementor-post__read-more\" href=\"https:\/\/rotaryguayaquilmoderno.org\/sitio1\/2020\/11\/02\/proyecto-de-produccion-agropecuaria-en-el-canton-milagro-parroquia-roberto-astudillo-recinto-las-guayjas\/\" target=\"_blank\">\n\t\t\t\tLeer m\u00e1s \u00bb\t\t\t<\/a>\n\t\t\t\t<\/div>\n\t\t\t\t<\/article>\n\t\t\t\t<\/div>\n\t\t\t\t<\/div>\n\t\t\t\t<\/div>\n\t\t\t\t\t\t<\/div>\n\t\t\t\t\t<\/div>\n\t\t<\/div>\n\t\t\t\t<div class=\"elementor-column elementor-col-33 elementor-top-column elementor-element elementor-element-33ba8e1\" data-id=\"33ba8e1\" data-element_type=\"column\">\n\t\t\t<div class=\"elementor-column-wrap\">\n\t\t\t\t\t\t\t<div class=\"elementor-widget-wrap\">\n\t\t\t\t\t\t\t\t<\/div>\n\t\t\t\t\t<\/div>\n\t\t<\/div>\n\t\t\t\t<div class=\"elementor-column elementor-col-33 elementor-top-column elementor-element elementor-element-2e33ae7\" data-id=\"2e33ae7\" data-element_type=\"column\">\n\t\t\t<div class=\"elementor-column-wrap elementor-element-populated\">\n\t\t\t\t\t\t\t<div class=\"elementor-widget-wrap\">\n\t\t\t\t\t\t<div class=\"elementor-element elementor-element-70d02da elementor-widget__width-initial elementor-widget elementor-widget-facebook-page\" data-id=\"70d02da\" data-element_type=\"widget\" data-widget_type=\"facebook-page.default\">\n\t\t\t\t<div class=\"elementor-widget-container\">\n\t\t\t<div class=\"elementor-facebook-widget fb-page\" data-href=\"https:\/\/www.facebook.com\/RotarioGuayaquilModerno\" data-tabs=\"timeline\" data-height=\"931px\" data-width=\"500px\" data-small-header=\"false\" data-hide-cover=\"false\" data-show-facepile=\"true\" data-hide-cta=\"false\" style=\"min-height: 1px;height:931px\"><\/div>\t\t<\/div>\n\t\t\t\t<\/div>\n\t\t\t\t\t\t<\/div>\n\t\t\t\t\t<\/div>\n\t\t<\/div>\n\t\t\t\t\t\t\t\t<\/div>\n\t\t\t\t\t<\/div>\n\t\t<\/section>\n\t\t\t\t<section class=\"elementor-section elementor-top-section elementor-element elementor-element-7433bea elementor-section-boxed elementor-section-height-default elementor-section-height-default\" data-id=\"7433bea\" data-element_type=\"section\">\n\t\t\t\t\t\t<div class=\"elementor-container elementor-column-gap-default\">\n\t\t\t\t\t\t\t<div class=\"elementor-row\">\n\t\t\t\t\t\t\t\t\t<\/div>\n\t\t\t\t\t<\/div>\n\t\t<\/section>\n\t\t\t\t<section class=\"elementor-section elementor-top-section elementor-element elementor-element-afc0269 elementor-section-boxed elementor-section-height-default elementor-section-height-default\" data-id=\"afc0269\" data-element_type=\"section\">\n\t\t\t\t\t\t<div class=\"elementor-container elementor-column-gap-default\">\n\t\t\t\t\t\t\t<div class=\"elementor-row\">\n\t\t\t\t\t<div class=\"elementor-column elementor-col-33 elementor-top-column elementor-element elementor-element-faf2a34\" data-id=\"faf2a34\" data-element_type=\"column\">\n\t\t\t<div class=\"elementor-column-wrap\">\n\t\t\t\t\t\t\t<div class=\"elementor-widget-wrap\">\n\t\t\t\t\t\t\t\t<\/div>\n\t\t\t\t\t<\/div>\n\t\t<\/div>\n\t\t\t\t<div class=\"elementor-column elementor-col-33 elementor-top-column elementor-element elementor-element-26d5b0e\" data-id=\"26d5b0e\" data-element_type=\"column\">\n\t\t\t<div class=\"elementor-column-wrap\">\n\t\t\t\t\t\t\t<div class=\"elementor-widget-wrap\">\n\t\t\t\t\t\t\t\t<\/div>\n\t\t\t\t\t<\/div>\n\t\t<\/div>\n\t\t\t\t<div class=\"elementor-column elementor-col-33 elementor-top-column elementor-element elementor-element-485bbec\" data-id=\"485bbec\" data-element_type=\"column\">\n\t\t\t<div class=\"elementor-column-wrap\">\n\t\t\t\t\t\t\t<div class=\"elementor-widget-wrap\">\n\t\t\t\t\t\t\t\t<\/div>\n\t\t\t\t\t<\/div>\n\t\t<\/div>\n\t\t\t\t\t\t\t\t<\/div>\n\t\t\t\t\t<\/div>\n\t\t<\/section>\n\t\t\t\t\t\t<\/div>\n\t\t\t\t\t\t<\/div>\n\t\t\t\t\t<\/div>\n\t\t","protected":false},"excerpt":{"rendered":"<p>https:\/\/rotaryguayaquilmoderno.org\/sitio1\/wp-content\/uploads\/2020\/11\/WhatsApp-Video-2020-11-02-at-1.37.44-PM-2.mp4<\/p>\n","protected":false},"author":1,"featured_media":0,"parent":0,"menu_order":0,"comment_status":"closed","ping_status":"closed","template":"","meta":[],"_links":{"self":[{"href":"https:\/\/rotaryguayaquilmoderno.org\/sitio1\/wp-json\/wp\/v2\/pages\/148"}],"collection":[{"href":"https:\/\/rotaryguayaquilmoderno.org\/sitio1\/wp-json\/wp\/v2\/pages"}],"about":[{"href":"https:\/\/rotaryguayaquilmoderno.org\/sitio1\/wp-json\/wp\/v2\/types\/page"}],"author":[{"embeddable":true,"href":"https:\/\/rotaryguayaquilmoderno.org\/sitio1\/wp-json\/wp\/v2\/users\/1"}],"replies":[{"embeddable":true,"href":"https:\/\/rotaryguayaquilmoderno.org\/sitio1\/wp-json\/wp\/v2\/comments?post=148"}],"version-history":[{"count":65,"href":"https:\/\/rotaryguayaquilmoderno.org\/sitio1\/wp-json\/wp\/v2\/pages\/148\/revisions"}],"predecessor-version":[{"id":807,"href":"https:\/\/rotaryguayaquilmoderno.org\/sitio1\/wp-json\/wp\/v2\/pages\/148\/revisions\/807"}],"wp:attachment":[{"href":"https:\/\/rotaryguayaquilmoderno.org\/sitio1\/wp-json\/wp\/v2\/media?parent=148"}],"curies":[{"name":"wp","href":"https:\/\/api.w.org\/{rel}","templated":true}]}}